{"id":16844,"date":"2025-10-03T21:18:10","date_gmt":"2025-10-03T21:18:10","guid":{"rendered":"https:\/\/dermaquint.com.mx\/?post_type=product&#038;p=16844"},"modified":"2025-10-03T21:22:54","modified_gmt":"2025-10-03T21:22:54","slug":"agua-micelar","status":"publish","type":"product","link":"https:\/\/dermaquint.com.mx\/?product=agua-micelar","title":{"rendered":"AGUA MICELAR"},"content":{"rendered":"<p class=\"selectable-text copyable-text x15bjb6t x1n2onr6\" dir=\"ltr\"><span class=\"selectable-text copyable-text\">Es un producto multiusos que hace la funci\u00f3n de: limpiar, tonificar, refrescar e hidratar la piel de tu rostro. <\/span><span class=\"selectable-text copyable-text\">Su secreto est\u00e1 en que las micelas act\u00faan como un im\u00e1n para eliminar la suciedad, exceso de grasa e impurezas sin dejar residuos en la piel.<\/span><\/p>\n<p class=\"selectable-text copyable-text x15bjb6t x1n2onr6\" dir=\"ltr\"><span class=\"selectable-text copyable-text\">Ingredientes: Agua, nopal y pepino.<\/span><\/p>\n","protected":false},"excerpt":{"rendered":"<p><span class=\"selectable-text copyable-text\">Es un producto multiusos que hace la funci\u00f3n de: limpiar, tonificar, refrescar e hidratar la piel de tu rostro.<\/span><\/p>\n","protected":false},"featured_media":16845,"comment_status":"open","ping_status":"closed","template":"","meta":{"_bst_post_transparent":"default","_bst_post_title":"","_bst_post_layout":"default","_bst_post_sidebar_id":"","_bst_post_content_style":"default","_bst_post_vertical_padding":"default","_bst_post_feature":"","_bst_post_feature_position":"","_bst_post_header":false,"_bst_post_footer":false,"_joinchat":[]},"product_brand":[],"product_cat":[130],"product_tag":[],"class_list":{"0":"post-16844","1":"product","2":"type-product","3":"status-publish","4":"has-post-thumbnail","6":"product_cat-cosmeticos","8":"first","9":"instock","10":"shipping-taxable","11":"purchasable","12":"product-type-simple","13":"entry","14":"content-bg","15":"loop-entry"},"_links":{"self":[{"href":"https:\/\/dermaquint.com.mx\/index.php?rest_route=\/wp\/v2\/product\/16844","targetHints":{"allow":["GET"]}}],"collection":[{"href":"https:\/\/dermaquint.com.mx\/index.php?rest_route=\/wp\/v2\/product"}],"about":[{"href":"https:\/\/dermaquint.com.mx\/index.php?rest_route=\/wp\/v2\/types\/product"}],"replies":[{"embeddable":true,"href":"https:\/\/dermaquint.com.mx\/index.php?rest_route=%2Fwp%2Fv2%2Fcomments&post=16844"}],"wp:featuredmedia":[{"embeddable":true,"href":"https:\/\/dermaquint.com.mx\/index.php?rest_route=\/wp\/v2\/media\/16845"}],"wp:attachment":[{"href":"https:\/\/dermaquint.com.mx\/index.php?rest_route=%2Fwp%2Fv2%2Fmedia&parent=16844"}],"wp:term":[{"taxonomy":"product_brand","embeddable":true,"href":"https:\/\/dermaquint.com.mx\/index.php?rest_route=%2Fwp%2Fv2%2Fproduct_brand&post=16844"},{"taxonomy":"product_cat","embeddable":true,"href":"https:\/\/dermaquint.com.mx\/index.php?rest_route=%2Fwp%2Fv2%2Fproduct_cat&post=16844"},{"taxonomy":"product_tag","embeddable":true,"href":"https:\/\/dermaquint.com.mx\/index.php?rest_route=%2Fwp%2Fv2%2Fproduct_tag&post=16844"}],"curies":[{"name":"wp","href":"https:\/\/api.w.org\/{rel}","templated":true}]}}