{"id":16849,"date":"2025-10-03T21:33:20","date_gmt":"2025-10-03T21:33:20","guid":{"rendered":"https:\/\/dermaquint.com.mx\/?post_type=product&#038;p=16849"},"modified":"2026-02-09T20:37:29","modified_gmt":"2026-02-09T20:37:29","slug":"matte-cover-12-hras","status":"publish","type":"product","link":"https:\/\/dermaquint.com.mx\/?product=matte-cover-12-hras","title":{"rendered":"MAQUILLAJE MATTE COVER 12 HRS"},"content":{"rendered":"<p>Base de maquillaje l\u00edquida de acabado mate, su textura es suave y confortable, brinda a la piel una cobertura media de larga duraci\u00f3n. Est\u00e1 formulada especialmente para pieles mixtas a grasas que necesitan controlar el brillo antiest\u00e9tico del rostro.<\/p>\n","protected":false},"excerpt":{"rendered":"<p>Base de maquillaje l\u00edquida de acabado mate, su textura es suave y confortable, brinda a la piel una cobertura media de larga duraci\u00f3n.<\/p>\n","protected":false},"featured_media":16867,"comment_status":"open","ping_status":"closed","template":"","meta":{"_bst_post_transparent":"default","_bst_post_title":"","_bst_post_layout":"default","_bst_post_sidebar_id":"","_bst_post_content_style":"default","_bst_post_vertical_padding":"default","_bst_post_feature":"","_bst_post_feature_position":"","_bst_post_header":false,"_bst_post_footer":false,"_joinchat":[]},"product_brand":[],"product_cat":[130],"product_tag":[],"class_list":{"0":"post-16849","1":"product","2":"type-product","3":"status-publish","4":"has-post-thumbnail","6":"product_cat-cosmeticos","8":"first","9":"instock","10":"shipping-taxable","11":"purchasable","12":"product-type-simple","13":"entry","14":"content-bg","15":"loop-entry"},"_links":{"self":[{"href":"https:\/\/dermaquint.com.mx\/index.php?rest_route=\/wp\/v2\/product\/16849","targetHints":{"allow":["GET"]}}],"collection":[{"href":"https:\/\/dermaquint.com.mx\/index.php?rest_route=\/wp\/v2\/product"}],"about":[{"href":"https:\/\/dermaquint.com.mx\/index.php?rest_route=\/wp\/v2\/types\/product"}],"replies":[{"embeddable":true,"href":"https:\/\/dermaquint.com.mx\/index.php?rest_route=%2Fwp%2Fv2%2Fcomments&post=16849"}],"wp:featuredmedia":[{"embeddable":true,"href":"https:\/\/dermaquint.com.mx\/index.php?rest_route=\/wp\/v2\/media\/16867"}],"wp:attachment":[{"href":"https:\/\/dermaquint.com.mx\/index.php?rest_route=%2Fwp%2Fv2%2Fmedia&parent=16849"}],"wp:term":[{"taxonomy":"product_brand","embeddable":true,"href":"https:\/\/dermaquint.com.mx\/index.php?rest_route=%2Fwp%2Fv2%2Fproduct_brand&post=16849"},{"taxonomy":"product_cat","embeddable":true,"href":"https:\/\/dermaquint.com.mx\/index.php?rest_route=%2Fwp%2Fv2%2Fproduct_cat&post=16849"},{"taxonomy":"product_tag","embeddable":true,"href":"https:\/\/dermaquint.com.mx\/index.php?rest_route=%2Fwp%2Fv2%2Fproduct_tag&post=16849"}],"curies":[{"name":"wp","href":"https:\/\/api.w.org\/{rel}","templated":true}]}}