{"id":16862,"date":"2025-10-03T22:02:32","date_gmt":"2025-10-03T22:02:32","guid":{"rendered":"https:\/\/dermaquint.com.mx\/?post_type=product&#038;p=16862"},"modified":"2025-11-10T18:04:30","modified_gmt":"2025-11-10T18:04:30","slug":"blush-rubor","status":"publish","type":"product","link":"https:\/\/dermaquint.com.mx\/?product=blush-rubor","title":{"rendered":"BLUSH RUBOR"},"content":{"rendered":"<p>Rubor en polvo compacto de acabados mate y satinados de larga duraci\u00f3n. Su textura ultra suave y aterciopelada ayuda a resaltar y definir los p\u00f3mulos. Se difumina y adhiere a la perfecci\u00f3n. Ideal para todo tipo de pieles. Son 10 tonos diferentes.<\/p>\n<div class=\"product__details--info__desc mb-15\">\n<p>Ingredientes: Mica, s\u00edlica y pigmentos minerales.<\/p>\n<\/div>\n<div class=\"product__variant\">\n<div class=\"product__variant--list mb-10\"><\/div>\n<\/div>\n<p>&nbsp;<\/p>\n","protected":false},"excerpt":{"rendered":"<p>Rubor en polvo compacto de acabados mate y satinados de larga duraci\u00f3n. Su textura ultra suave y aterciopelada ayuda a resaltar y definir los p\u00f3mulos.<\/p>\n<p>TONOS DISPONIBLES :<\/p>\n<p>NEUTRAL<\/p>\n<p>TERRACOTA<\/p>\n<p>APRICOT<\/p>\n<p>MAUVE<\/p>\n<p>REAL CORAL<\/p>\n","protected":false},"featured_media":16884,"comment_status":"open","ping_status":"closed","template":"","meta":{"_bst_post_transparent":"default","_bst_post_title":"","_bst_post_layout":"default","_bst_post_sidebar_id":"","_bst_post_content_style":"default","_bst_post_vertical_padding":"default","_bst_post_feature":"","_bst_post_feature_position":"","_bst_post_header":false,"_bst_post_footer":false,"_joinchat":[]},"product_brand":[],"product_cat":[130],"product_tag":[131],"class_list":{"0":"post-16862","1":"product","2":"type-product","3":"status-publish","4":"has-post-thumbnail","6":"product_cat-cosmeticos","7":"product_tag-neutral-apricot-terracota","9":"first","10":"instock","11":"sale","12":"shipping-taxable","13":"purchasable","14":"product-type-simple","15":"entry","16":"content-bg","17":"loop-entry"},"_links":{"self":[{"href":"https:\/\/dermaquint.com.mx\/index.php?rest_route=\/wp\/v2\/product\/16862","targetHints":{"allow":["GET"]}}],"collection":[{"href":"https:\/\/dermaquint.com.mx\/index.php?rest_route=\/wp\/v2\/product"}],"about":[{"href":"https:\/\/dermaquint.com.mx\/index.php?rest_route=\/wp\/v2\/types\/product"}],"replies":[{"embeddable":true,"href":"https:\/\/dermaquint.com.mx\/index.php?rest_route=%2Fwp%2Fv2%2Fcomments&post=16862"}],"wp:featuredmedia":[{"embeddable":true,"href":"https:\/\/dermaquint.com.mx\/index.php?rest_route=\/wp\/v2\/media\/16884"}],"wp:attachment":[{"href":"https:\/\/dermaquint.com.mx\/index.php?rest_route=%2Fwp%2Fv2%2Fmedia&parent=16862"}],"wp:term":[{"taxonomy":"product_brand","embeddable":true,"href":"https:\/\/dermaquint.com.mx\/index.php?rest_route=%2Fwp%2Fv2%2Fproduct_brand&post=16862"},{"taxonomy":"product_cat","embeddable":true,"href":"https:\/\/dermaquint.com.mx\/index.php?rest_route=%2Fwp%2Fv2%2Fproduct_cat&post=16862"},{"taxonomy":"product_tag","embeddable":true,"href":"https:\/\/dermaquint.com.mx\/index.php?rest_route=%2Fwp%2Fv2%2Fproduct_tag&post=16862"}],"curies":[{"name":"wp","href":"https:\/\/api.w.org\/{rel}","templated":true}]}}