{"id":16893,"date":"2025-10-04T19:33:49","date_gmt":"2025-10-04T19:33:49","guid":{"rendered":"https:\/\/dermaquint.com.mx\/?post_type=product&#038;p=16893"},"modified":"2025-10-04T19:33:49","modified_gmt":"2025-10-04T19:33:49","slug":"corrective-loose-powder","status":"publish","type":"product","link":"https:\/\/dermaquint.com.mx\/?product=corrective-loose-powder","title":{"rendered":"CORRECTIVE LOOSE POWDER"},"content":{"rendered":"<p>Sella y matifica tu rostro por m\u00e1s tiempo sin resecar. Gracias a su textura micro-pulverizada con pigmentos minerales que aportan color correctivo, unifica el tono de la piel y otorga sedosidad, acabado mate y homog\u00e9neo. Se adapta a todos los tipos y tonos de piel. Suaviza su textura mejor\u00e1ndola visiblemente. No comedog\u00e9nico.<\/p>\n<p>\ud835\udddc\ud835\uddfb\ud835\uddf4\ud835\uddff\ud835\uddf2\ud835\uddf1\ud835\uddf6\ud835\uddf2\ud835\uddfb\ud835\ude01\ud835\uddf2\ud835\ude00: Talco, S\u00edlice, Fluorflogopita, Sint\u00e9tica, Dimeticona y pigmentos minerales.<\/p>\n","protected":false},"excerpt":{"rendered":"<p>Sella y matifica tu rostro por m\u00e1s tiempo sin resecar.<\/p>\n","protected":false},"featured_media":16894,"comment_status":"open","ping_status":"closed","template":"","meta":{"_bst_post_transparent":"default","_bst_post_title":"","_bst_post_layout":"default","_bst_post_sidebar_id":"","_bst_post_content_style":"default","_bst_post_vertical_padding":"default","_bst_post_feature":"","_bst_post_feature_position":"","_bst_post_header":false,"_bst_post_footer":false,"_joinchat":[]},"product_brand":[],"product_cat":[130],"product_tag":[],"class_list":{"0":"post-16893","1":"product","2":"type-product","3":"status-publish","4":"has-post-thumbnail","6":"product_cat-cosmeticos","8":"first","9":"instock","10":"shipping-taxable","11":"purchasable","12":"product-type-simple","13":"entry","14":"content-bg","15":"loop-entry"},"_links":{"self":[{"href":"https:\/\/dermaquint.com.mx\/index.php?rest_route=\/wp\/v2\/product\/16893","targetHints":{"allow":["GET"]}}],"collection":[{"href":"https:\/\/dermaquint.com.mx\/index.php?rest_route=\/wp\/v2\/product"}],"about":[{"href":"https:\/\/dermaquint.com.mx\/index.php?rest_route=\/wp\/v2\/types\/product"}],"replies":[{"embeddable":true,"href":"https:\/\/dermaquint.com.mx\/index.php?rest_route=%2Fwp%2Fv2%2Fcomments&post=16893"}],"wp:featuredmedia":[{"embeddable":true,"href":"https:\/\/dermaquint.com.mx\/index.php?rest_route=\/wp\/v2\/media\/16894"}],"wp:attachment":[{"href":"https:\/\/dermaquint.com.mx\/index.php?rest_route=%2Fwp%2Fv2%2Fmedia&parent=16893"}],"wp:term":[{"taxonomy":"product_brand","embeddable":true,"href":"https:\/\/dermaquint.com.mx\/index.php?rest_route=%2Fwp%2Fv2%2Fproduct_brand&post=16893"},{"taxonomy":"product_cat","embeddable":true,"href":"https:\/\/dermaquint.com.mx\/index.php?rest_route=%2Fwp%2Fv2%2Fproduct_cat&post=16893"},{"taxonomy":"product_tag","embeddable":true,"href":"https:\/\/dermaquint.com.mx\/index.php?rest_route=%2Fwp%2Fv2%2Fproduct_tag&post=16893"}],"curies":[{"name":"wp","href":"https:\/\/api.w.org\/{rel}","templated":true}]}}