{"id":16901,"date":"2025-10-04T19:48:53","date_gmt":"2025-10-04T19:48:53","guid":{"rendered":"https:\/\/dermaquint.com.mx\/?post_type=product&#038;p=16901"},"modified":"2025-10-04T19:48:53","modified_gmt":"2025-10-04T19:48:53","slug":"iluminador-liquido","status":"publish","type":"product","link":"https:\/\/dermaquint.com.mx\/?product=iluminador-liquido","title":{"rendered":"ILUMINADOR LIQUIDO"},"content":{"rendered":"<p>Ideal para ojos, labios, rostro y cuerpo. Su aplicador de gran tama\u00f1o te permite aplicarlo f\u00e1cilmente. Con tan solo una gota obtienes brillos de larga duraci\u00f3n.<br \/>\nCero grasoso, \u00a1con efecto de toque seco!<\/p>\n","protected":false},"excerpt":{"rendered":"<p>Esta colecci\u00f3n destaca por su gran cantidad de micro-destellos de alto impacto. \u00a1Un glow muy sofisticado que se ve y siente DE LUJO<\/p>\n","protected":false},"featured_media":16907,"comment_status":"open","ping_status":"closed","template":"","meta":{"_bst_post_transparent":"default","_bst_post_title":"","_bst_post_layout":"default","_bst_post_sidebar_id":"","_bst_post_content_style":"default","_bst_post_vertical_padding":"default","_bst_post_feature":"","_bst_post_feature_position":"","_bst_post_header":false,"_bst_post_footer":false,"_joinchat":[]},"product_brand":[],"product_cat":[130],"product_tag":[],"class_list":{"0":"post-16901","1":"product","2":"type-product","3":"status-publish","4":"has-post-thumbnail","6":"product_cat-cosmeticos","8":"first","9":"instock","10":"sale","11":"shipping-taxable","12":"purchasable","13":"product-type-simple","14":"entry","15":"content-bg","16":"loop-entry"},"_links":{"self":[{"href":"https:\/\/dermaquint.com.mx\/index.php?rest_route=\/wp\/v2\/product\/16901","targetHints":{"allow":["GET"]}}],"collection":[{"href":"https:\/\/dermaquint.com.mx\/index.php?rest_route=\/wp\/v2\/product"}],"about":[{"href":"https:\/\/dermaquint.com.mx\/index.php?rest_route=\/wp\/v2\/types\/product"}],"replies":[{"embeddable":true,"href":"https:\/\/dermaquint.com.mx\/index.php?rest_route=%2Fwp%2Fv2%2Fcomments&post=16901"}],"wp:featuredmedia":[{"embeddable":true,"href":"https:\/\/dermaquint.com.mx\/index.php?rest_route=\/wp\/v2\/media\/16907"}],"wp:attachment":[{"href":"https:\/\/dermaquint.com.mx\/index.php?rest_route=%2Fwp%2Fv2%2Fmedia&parent=16901"}],"wp:term":[{"taxonomy":"product_brand","embeddable":true,"href":"https:\/\/dermaquint.com.mx\/index.php?rest_route=%2Fwp%2Fv2%2Fproduct_brand&post=16901"},{"taxonomy":"product_cat","embeddable":true,"href":"https:\/\/dermaquint.com.mx\/index.php?rest_route=%2Fwp%2Fv2%2Fproduct_cat&post=16901"},{"taxonomy":"product_tag","embeddable":true,"href":"https:\/\/dermaquint.com.mx\/index.php?rest_route=%2Fwp%2Fv2%2Fproduct_tag&post=16901"}],"curies":[{"name":"wp","href":"https:\/\/api.w.org\/{rel}","templated":true}]}}