{"id":16913,"date":"2025-10-04T19:56:01","date_gmt":"2025-10-04T19:56:01","guid":{"rendered":"https:\/\/dermaquint.com.mx\/?post_type=product&#038;p=16913"},"modified":"2025-10-04T19:56:01","modified_gmt":"2025-10-04T19:56:01","slug":"luminous-powder","status":"publish","type":"product","link":"https:\/\/dermaquint.com.mx\/?product=luminous-powder","title":{"rendered":"LUMINOUS POWDER"},"content":{"rendered":"<p>lumina y luce radiante con nuestro iluminador en polvo compacto de textura suave, su f\u00f3rmula se adapta perfectamente a la piel dando un terminado brillante. Son 8 tonos diferentes, entre c\u00e1lidos, fr\u00edos y neutrales.<\/p>\n<p>Ingredientes: Mica, estearato de magnesio y pigmentos minerales.<\/p>\n","protected":false},"excerpt":{"rendered":"<p>Iumina y luce radiante con nuestro iluminador en polvo compacto de textura suave<\/p>\n","protected":false},"featured_media":16914,"comment_status":"open","ping_status":"closed","template":"","meta":{"_bst_post_transparent":"default","_bst_post_title":"","_bst_post_layout":"default","_bst_post_sidebar_id":"","_bst_post_content_style":"default","_bst_post_vertical_padding":"default","_bst_post_feature":"","_bst_post_feature_position":"","_bst_post_header":false,"_bst_post_footer":false,"_joinchat":[]},"product_brand":[],"product_cat":[130],"product_tag":[],"class_list":{"0":"post-16913","1":"product","2":"type-product","3":"status-publish","4":"has-post-thumbnail","6":"product_cat-cosmeticos","8":"first","9":"instock","10":"sale","11":"shipping-taxable","12":"purchasable","13":"product-type-simple","14":"entry","15":"content-bg","16":"loop-entry"},"_links":{"self":[{"href":"https:\/\/dermaquint.com.mx\/index.php?rest_route=\/wp\/v2\/product\/16913","targetHints":{"allow":["GET"]}}],"collection":[{"href":"https:\/\/dermaquint.com.mx\/index.php?rest_route=\/wp\/v2\/product"}],"about":[{"href":"https:\/\/dermaquint.com.mx\/index.php?rest_route=\/wp\/v2\/types\/product"}],"replies":[{"embeddable":true,"href":"https:\/\/dermaquint.com.mx\/index.php?rest_route=%2Fwp%2Fv2%2Fcomments&post=16913"}],"wp:featuredmedia":[{"embeddable":true,"href":"https:\/\/dermaquint.com.mx\/index.php?rest_route=\/wp\/v2\/media\/16914"}],"wp:attachment":[{"href":"https:\/\/dermaquint.com.mx\/index.php?rest_route=%2Fwp%2Fv2%2Fmedia&parent=16913"}],"wp:term":[{"taxonomy":"product_brand","embeddable":true,"href":"https:\/\/dermaquint.com.mx\/index.php?rest_route=%2Fwp%2Fv2%2Fproduct_brand&post=16913"},{"taxonomy":"product_cat","embeddable":true,"href":"https:\/\/dermaquint.com.mx\/index.php?rest_route=%2Fwp%2Fv2%2Fproduct_cat&post=16913"},{"taxonomy":"product_tag","embeddable":true,"href":"https:\/\/dermaquint.com.mx\/index.php?rest_route=%2Fwp%2Fv2%2Fproduct_tag&post=16913"}],"curies":[{"name":"wp","href":"https:\/\/api.w.org\/{rel}","templated":true}]}}