{"id":16924,"date":"2025-10-04T20:00:35","date_gmt":"2025-10-04T20:00:35","guid":{"rendered":"https:\/\/dermaquint.com.mx\/?post_type=product&#038;p=16924"},"modified":"2025-10-04T20:00:35","modified_gmt":"2025-10-04T20:00:35","slug":"glitter-para-ojos","status":"publish","type":"product","link":"https:\/\/dermaquint.com.mx\/?product=glitter-para-ojos","title":{"rendered":"GLITTER PARA OJOS"},"content":{"rendered":"<p>Glitter compacto para ojos de textura suave y de alta adherencia, gracias su finos brillos es accesible para utilizarlo tanto en ojos y labios como en el cuerpo. Su f\u00f3rmula est\u00e1 dise\u00f1ada para no irritar la piel, brind\u00e1ndote un brillo deslumbrante y c\u00f3modo durante todo el d\u00eda.<\/p>\n","protected":false},"excerpt":{"rendered":"<p>Glitter compacto para ojos de textura suave y de alta adherencia.<\/p>\n","protected":false},"featured_media":16925,"comment_status":"open","ping_status":"closed","template":"","meta":{"_bst_post_transparent":"default","_bst_post_title":"","_bst_post_layout":"default","_bst_post_sidebar_id":"","_bst_post_content_style":"default","_bst_post_vertical_padding":"default","_bst_post_feature":"","_bst_post_feature_position":"","_bst_post_header":false,"_bst_post_footer":false,"_joinchat":[]},"product_brand":[],"product_cat":[130],"product_tag":[],"class_list":{"0":"post-16924","1":"product","2":"type-product","3":"status-publish","4":"has-post-thumbnail","6":"product_cat-cosmeticos","8":"first","9":"outofstock","10":"shipping-taxable","11":"purchasable","12":"product-type-simple","13":"entry","14":"content-bg","15":"loop-entry"},"_links":{"self":[{"href":"https:\/\/dermaquint.com.mx\/index.php?rest_route=\/wp\/v2\/product\/16924","targetHints":{"allow":["GET"]}}],"collection":[{"href":"https:\/\/dermaquint.com.mx\/index.php?rest_route=\/wp\/v2\/product"}],"about":[{"href":"https:\/\/dermaquint.com.mx\/index.php?rest_route=\/wp\/v2\/types\/product"}],"replies":[{"embeddable":true,"href":"https:\/\/dermaquint.com.mx\/index.php?rest_route=%2Fwp%2Fv2%2Fcomments&post=16924"}],"wp:featuredmedia":[{"embeddable":true,"href":"https:\/\/dermaquint.com.mx\/index.php?rest_route=\/wp\/v2\/media\/16925"}],"wp:attachment":[{"href":"https:\/\/dermaquint.com.mx\/index.php?rest_route=%2Fwp%2Fv2%2Fmedia&parent=16924"}],"wp:term":[{"taxonomy":"product_brand","embeddable":true,"href":"https:\/\/dermaquint.com.mx\/index.php?rest_route=%2Fwp%2Fv2%2Fproduct_brand&post=16924"},{"taxonomy":"product_cat","embeddable":true,"href":"https:\/\/dermaquint.com.mx\/index.php?rest_route=%2Fwp%2Fv2%2Fproduct_cat&post=16924"},{"taxonomy":"product_tag","embeddable":true,"href":"https:\/\/dermaquint.com.mx\/index.php?rest_route=%2Fwp%2Fv2%2Fproduct_tag&post=16924"}],"curies":[{"name":"wp","href":"https:\/\/api.w.org\/{rel}","templated":true}]}}