{"id":16926,"date":"2025-10-04T20:08:13","date_gmt":"2025-10-04T20:08:13","guid":{"rendered":"https:\/\/dermaquint.com.mx\/?post_type=product&#038;p=16926"},"modified":"2025-10-04T21:23:41","modified_gmt":"2025-10-04T21:23:41","slug":"brow-liner","status":"publish","type":"product","link":"https:\/\/dermaquint.com.mx\/?product=brow-liner","title":{"rendered":"BROW LINER"},"content":{"rendered":"<p>L\u00e1piz delineador para ceja que brinda una aplicaci\u00f3n precisa, de larga duraci\u00f3n y alta pigmentaci\u00f3n. Gracias a su f\u00f3rmula no se corre, adem\u00e1s cuenta con un pr\u00e1ctico cepillo para difuminar y dar una apariencia m\u00e1s natural.<\/p>\n<p>Ingredientes: Cera de soya, cera de candelilla, cera de abeja, ozoquerita, cera microcristalina, cera de carnauba, c\u00e1prico, s\u00edlica y vitamina E.<\/p>\n","protected":false},"excerpt":{"rendered":"<p>L\u00e1piz delineador para ceja que brinda una aplicaci\u00f3n precisa, de larga duraci\u00f3n y alta pigmentaci\u00f3n.<\/p>\n","protected":false},"featured_media":16928,"comment_status":"open","ping_status":"closed","template":"","meta":{"_bst_post_transparent":"default","_bst_post_title":"","_bst_post_layout":"default","_bst_post_sidebar_id":"","_bst_post_content_style":"default","_bst_post_vertical_padding":"default","_bst_post_feature":"","_bst_post_feature_position":"","_bst_post_header":false,"_bst_post_footer":false,"_joinchat":[]},"product_brand":[],"product_cat":[130],"product_tag":[],"class_list":{"0":"post-16926","1":"product","2":"type-product","3":"status-publish","4":"has-post-thumbnail","6":"product_cat-cosmeticos","8":"first","9":"instock","10":"shipping-taxable","11":"purchasable","12":"product-type-simple","13":"entry","14":"content-bg","15":"loop-entry"},"_links":{"self":[{"href":"https:\/\/dermaquint.com.mx\/index.php?rest_route=\/wp\/v2\/product\/16926","targetHints":{"allow":["GET"]}}],"collection":[{"href":"https:\/\/dermaquint.com.mx\/index.php?rest_route=\/wp\/v2\/product"}],"about":[{"href":"https:\/\/dermaquint.com.mx\/index.php?rest_route=\/wp\/v2\/types\/product"}],"replies":[{"embeddable":true,"href":"https:\/\/dermaquint.com.mx\/index.php?rest_route=%2Fwp%2Fv2%2Fcomments&post=16926"}],"wp:featuredmedia":[{"embeddable":true,"href":"https:\/\/dermaquint.com.mx\/index.php?rest_route=\/wp\/v2\/media\/16928"}],"wp:attachment":[{"href":"https:\/\/dermaquint.com.mx\/index.php?rest_route=%2Fwp%2Fv2%2Fmedia&parent=16926"}],"wp:term":[{"taxonomy":"product_brand","embeddable":true,"href":"https:\/\/dermaquint.com.mx\/index.php?rest_route=%2Fwp%2Fv2%2Fproduct_brand&post=16926"},{"taxonomy":"product_cat","embeddable":true,"href":"https:\/\/dermaquint.com.mx\/index.php?rest_route=%2Fwp%2Fv2%2Fproduct_cat&post=16926"},{"taxonomy":"product_tag","embeddable":true,"href":"https:\/\/dermaquint.com.mx\/index.php?rest_route=%2Fwp%2Fv2%2Fproduct_tag&post=16926"}],"curies":[{"name":"wp","href":"https:\/\/api.w.org\/{rel}","templated":true}]}}