{"id":16932,"date":"2025-10-04T21:29:06","date_gmt":"2025-10-04T21:29:06","guid":{"rendered":"https:\/\/dermaquint.com.mx\/?post_type=product&#038;p=16932"},"modified":"2025-10-04T21:29:07","modified_gmt":"2025-10-04T21:29:07","slug":"ultra-fine-delineador","status":"publish","type":"product","link":"https:\/\/dermaquint.com.mx\/?product=ultra-fine-delineador","title":{"rendered":"ULTRA FINE DELINEADOR"},"content":{"rendered":"<p>Delineador l\u00edquido tipo plum\u00f3n, de color intenso, punta fina de alta precisi\u00f3n y de larga duraci\u00f3n.<br \/>\nSe desliza f\u00e1cilmente aportando color duradero ultra intenso y uniforme gracias a su formula que contiene pigmentos de alta fijaci\u00f3n, adem\u00e1s de ser de secado r\u00e1pido. Punta delgada y flexible que facilita el delineado.<\/p>\n","protected":false},"excerpt":{"rendered":"<p>Delineador l\u00edquido tipo plum\u00f3n, de color intenso, punta fina de alta precisi\u00f3n y de larga duraci\u00f3n.<\/p>\n","protected":false},"featured_media":16933,"comment_status":"open","ping_status":"closed","template":"","meta":{"_bst_post_transparent":"default","_bst_post_title":"","_bst_post_layout":"default","_bst_post_sidebar_id":"","_bst_post_content_style":"default","_bst_post_vertical_padding":"default","_bst_post_feature":"","_bst_post_feature_position":"","_bst_post_header":false,"_bst_post_footer":false,"_joinchat":[]},"product_brand":[],"product_cat":[130],"product_tag":[],"class_list":{"0":"post-16932","1":"product","2":"type-product","3":"status-publish","4":"has-post-thumbnail","6":"product_cat-cosmeticos","8":"first","9":"instock","10":"sale","11":"shipping-taxable","12":"purchasable","13":"product-type-simple","14":"entry","15":"content-bg","16":"loop-entry"},"_links":{"self":[{"href":"https:\/\/dermaquint.com.mx\/index.php?rest_route=\/wp\/v2\/product\/16932","targetHints":{"allow":["GET"]}}],"collection":[{"href":"https:\/\/dermaquint.com.mx\/index.php?rest_route=\/wp\/v2\/product"}],"about":[{"href":"https:\/\/dermaquint.com.mx\/index.php?rest_route=\/wp\/v2\/types\/product"}],"replies":[{"embeddable":true,"href":"https:\/\/dermaquint.com.mx\/index.php?rest_route=%2Fwp%2Fv2%2Fcomments&post=16932"}],"wp:featuredmedia":[{"embeddable":true,"href":"https:\/\/dermaquint.com.mx\/index.php?rest_route=\/wp\/v2\/media\/16933"}],"wp:attachment":[{"href":"https:\/\/dermaquint.com.mx\/index.php?rest_route=%2Fwp%2Fv2%2Fmedia&parent=16932"}],"wp:term":[{"taxonomy":"product_brand","embeddable":true,"href":"https:\/\/dermaquint.com.mx\/index.php?rest_route=%2Fwp%2Fv2%2Fproduct_brand&post=16932"},{"taxonomy":"product_cat","embeddable":true,"href":"https:\/\/dermaquint.com.mx\/index.php?rest_route=%2Fwp%2Fv2%2Fproduct_cat&post=16932"},{"taxonomy":"product_tag","embeddable":true,"href":"https:\/\/dermaquint.com.mx\/index.php?rest_route=%2Fwp%2Fv2%2Fproduct_tag&post=16932"}],"curies":[{"name":"wp","href":"https:\/\/api.w.org\/{rel}","templated":true}]}}