{"id":16950,"date":"2025-10-04T21:45:19","date_gmt":"2025-10-04T21:45:19","guid":{"rendered":"https:\/\/dermaquint.com.mx\/?post_type=product&#038;p=16950"},"modified":"2025-10-04T21:45:19","modified_gmt":"2025-10-04T21:45:19","slug":"organic-brows","status":"publish","type":"product","link":"https:\/\/dermaquint.com.mx\/?product=organic-brows","title":{"rendered":"ORGANIC BROWS"},"content":{"rendered":"<p class=\"selectable-text copyable-text x15bjb6t x1n2onr6\" dir=\"ltr\"><span class=\"selectable-text copyable-text\">Aporta definici\u00f3n, fijaci\u00f3n y volumen a tus cejas en un solo paso. Su f\u00f3rmula de larga duraci\u00f3n no grasa, peina y fija las cejas a la perfecci\u00f3n aportando volumen. Su suave textura moldea el vello de tus cejas logrando que luzcan definidas, su color transparente se combina y se adaptan a cualquier color de cabello.<\/span><\/p>\n<p class=\"selectable-text copyable-text x15bjb6t x1n2onr6\" dir=\"ltr\"><span class=\"selectable-text copyable-text\">Ingredientes: Copol\u00edmeros en gel de alta fijaci\u00f3n y glicerina.<\/span><\/p>\n","protected":false},"excerpt":{"rendered":"<p>Organic Brows, gel para cejas de extra fijaci\u00f3n, efecto jab\u00f3n.<\/p>\n","protected":false},"featured_media":16951,"comment_status":"open","ping_status":"closed","template":"","meta":{"_bst_post_transparent":"default","_bst_post_title":"","_bst_post_layout":"default","_bst_post_sidebar_id":"","_bst_post_content_style":"default","_bst_post_vertical_padding":"default","_bst_post_feature":"","_bst_post_feature_position":"","_bst_post_header":false,"_bst_post_footer":false,"_joinchat":[]},"product_brand":[],"product_cat":[130],"product_tag":[],"class_list":{"0":"post-16950","1":"product","2":"type-product","3":"status-publish","4":"has-post-thumbnail","6":"product_cat-cosmeticos","8":"first","9":"instock","10":"shipping-taxable","11":"purchasable","12":"product-type-simple","13":"entry","14":"content-bg","15":"loop-entry"},"_links":{"self":[{"href":"https:\/\/dermaquint.com.mx\/index.php?rest_route=\/wp\/v2\/product\/16950","targetHints":{"allow":["GET"]}}],"collection":[{"href":"https:\/\/dermaquint.com.mx\/index.php?rest_route=\/wp\/v2\/product"}],"about":[{"href":"https:\/\/dermaquint.com.mx\/index.php?rest_route=\/wp\/v2\/types\/product"}],"replies":[{"embeddable":true,"href":"https:\/\/dermaquint.com.mx\/index.php?rest_route=%2Fwp%2Fv2%2Fcomments&post=16950"}],"wp:featuredmedia":[{"embeddable":true,"href":"https:\/\/dermaquint.com.mx\/index.php?rest_route=\/wp\/v2\/media\/16951"}],"wp:attachment":[{"href":"https:\/\/dermaquint.com.mx\/index.php?rest_route=%2Fwp%2Fv2%2Fmedia&parent=16950"}],"wp:term":[{"taxonomy":"product_brand","embeddable":true,"href":"https:\/\/dermaquint.com.mx\/index.php?rest_route=%2Fwp%2Fv2%2Fproduct_brand&post=16950"},{"taxonomy":"product_cat","embeddable":true,"href":"https:\/\/dermaquint.com.mx\/index.php?rest_route=%2Fwp%2Fv2%2Fproduct_cat&post=16950"},{"taxonomy":"product_tag","embeddable":true,"href":"https:\/\/dermaquint.com.mx\/index.php?rest_route=%2Fwp%2Fv2%2Fproduct_tag&post=16950"}],"curies":[{"name":"wp","href":"https:\/\/api.w.org\/{rel}","templated":true}]}}