{"id":16987,"date":"2025-10-04T22:26:35","date_gmt":"2025-10-04T22:26:35","guid":{"rendered":"https:\/\/dermaquint.com.mx\/?post_type=product&#038;p=16987"},"modified":"2026-02-09T20:30:53","modified_gmt":"2026-02-09T20:30:53","slug":"magic-lip-oil","status":"publish","type":"product","link":"https:\/\/dermaquint.com.mx\/?product=magic-lip-oil","title":{"rendered":"MAGIC LIP OIL"},"content":{"rendered":"<p>Brillo de labios enriquecido con \u00e1cido hialur\u00f3nico, hidrata y realza tus labios con un cambio de color activado por el PH natural de tu piel, Adem\u00e1s, \u00a1DISFRUTA SUS DELICIOSOS AROMAS!<\/p>\n<p>\ud83c\udf6c Chicle \u2601\ufe0f Bomb\u00f3n <span class=\"x19la9d6 x1fc57z9 x6ikm8r x10wlt62 x19co3pv x1g5zs5t xfibh0p xiy17q3 x1xsqp64 x1lkfr7t xexx8yu xyri2b x18d9i69 x1c1uobl\"><span class=\"xrtxmta x1bhl96m\">\ud83e\udd65Coco <\/span><\/span>\ud83c\udf53Fresa<\/p>\n","protected":false},"excerpt":{"rendered":"<p>Brillo de labios enriquecido con \u00e1cido hialur\u00f3nico.<\/p>\n<p>\ud83c\udf6c Chicle \u2601\ufe0f Bomb\u00f3n <span class=\"x19la9d6 x1fc57z9 x6ikm8r x10wlt62 x19co3pv x1g5zs5t xfibh0p xiy17q3 x1xsqp64 x1lkfr7t xexx8yu xyri2b x18d9i69 x1c1uobl\"><span class=\"xrtxmta x1bhl96m\">\ud83e\udd65Coco <\/span><\/span>\ud83c\udf53Fresa<\/p>\n","protected":false},"featured_media":16988,"comment_status":"open","ping_status":"closed","template":"","meta":{"_bst_post_transparent":"default","_bst_post_title":"","_bst_post_layout":"default","_bst_post_sidebar_id":"","_bst_post_content_style":"default","_bst_post_vertical_padding":"default","_bst_post_feature":"","_bst_post_feature_position":"","_bst_post_header":false,"_bst_post_footer":false,"_joinchat":[]},"product_brand":[],"product_cat":[130],"product_tag":[],"class_list":{"0":"post-16987","1":"product","2":"type-product","3":"status-publish","4":"has-post-thumbnail","6":"product_cat-cosmeticos","8":"first","9":"instock","10":"shipping-taxable","11":"purchasable","12":"product-type-simple","13":"entry","14":"content-bg","15":"loop-entry"},"_links":{"self":[{"href":"https:\/\/dermaquint.com.mx\/index.php?rest_route=\/wp\/v2\/product\/16987","targetHints":{"allow":["GET"]}}],"collection":[{"href":"https:\/\/dermaquint.com.mx\/index.php?rest_route=\/wp\/v2\/product"}],"about":[{"href":"https:\/\/dermaquint.com.mx\/index.php?rest_route=\/wp\/v2\/types\/product"}],"replies":[{"embeddable":true,"href":"https:\/\/dermaquint.com.mx\/index.php?rest_route=%2Fwp%2Fv2%2Fcomments&post=16987"}],"wp:featuredmedia":[{"embeddable":true,"href":"https:\/\/dermaquint.com.mx\/index.php?rest_route=\/wp\/v2\/media\/16988"}],"wp:attachment":[{"href":"https:\/\/dermaquint.com.mx\/index.php?rest_route=%2Fwp%2Fv2%2Fmedia&parent=16987"}],"wp:term":[{"taxonomy":"product_brand","embeddable":true,"href":"https:\/\/dermaquint.com.mx\/index.php?rest_route=%2Fwp%2Fv2%2Fproduct_brand&post=16987"},{"taxonomy":"product_cat","embeddable":true,"href":"https:\/\/dermaquint.com.mx\/index.php?rest_route=%2Fwp%2Fv2%2Fproduct_cat&post=16987"},{"taxonomy":"product_tag","embeddable":true,"href":"https:\/\/dermaquint.com.mx\/index.php?rest_route=%2Fwp%2Fv2%2Fproduct_tag&post=16987"}],"curies":[{"name":"wp","href":"https:\/\/api.w.org\/{rel}","templated":true}]}}