{"id":17040,"date":"2025-10-06T19:12:36","date_gmt":"2025-10-06T19:12:36","guid":{"rendered":"https:\/\/dermaquint.com.mx\/?post_type=product&#038;p=17040"},"modified":"2025-10-06T19:12:36","modified_gmt":"2025-10-06T19:12:36","slug":"suero-de-acido-hialuronico","status":"publish","type":"product","link":"https:\/\/dermaquint.com.mx\/?product=suero-de-acido-hialuronico","title":{"rendered":"SUERO DE ACIDO HIALURONICO"},"content":{"rendered":"<p class=\"selectable-text copyable-text x15bjb6t x1n2onr6\" dir=\"ltr\"><span class=\"selectable-text copyable-text\">Suero facial para todo tipo de piel, ayuda a retener, mantener y aumentar la humedad de la piel para una hidrataci\u00f3n profunda.<\/span><\/p>\n<p class=\"selectable-text copyable-text x15bjb6t x1n2onr6\" dir=\"ltr\"><span class=\"selectable-text copyable-text\">Reduce la inflamaci\u00f3n, reconstituye los tejidos y promueve la regeneraci\u00f3n de las c\u00e9lulas, adem\u00e1s de evitar el da\u00f1os de los radicales libres. Mejora la textura de la piel y mantiene su equilibrio.<\/span><\/p>\n","protected":false},"excerpt":{"rendered":"<p><span class=\"selectable-text copyable-text\">Suero facial para todo tipo de piel, ayuda a retener, mantener y aumentar la humedad de la piel para una hidrataci\u00f3n profunda.<\/span><\/p>\n","protected":false},"featured_media":17041,"comment_status":"open","ping_status":"closed","template":"","meta":{"_bst_post_transparent":"default","_bst_post_title":"","_bst_post_layout":"default","_bst_post_sidebar_id":"","_bst_post_content_style":"default","_bst_post_vertical_padding":"default","_bst_post_feature":"","_bst_post_feature_position":"","_bst_post_header":false,"_bst_post_footer":false,"_joinchat":[]},"product_brand":[],"product_cat":[130],"product_tag":[],"class_list":{"0":"post-17040","1":"product","2":"type-product","3":"status-publish","4":"has-post-thumbnail","6":"product_cat-cosmeticos","8":"first","9":"instock","10":"shipping-taxable","11":"purchasable","12":"product-type-simple","13":"entry","14":"content-bg","15":"loop-entry"},"_links":{"self":[{"href":"https:\/\/dermaquint.com.mx\/index.php?rest_route=\/wp\/v2\/product\/17040","targetHints":{"allow":["GET"]}}],"collection":[{"href":"https:\/\/dermaquint.com.mx\/index.php?rest_route=\/wp\/v2\/product"}],"about":[{"href":"https:\/\/dermaquint.com.mx\/index.php?rest_route=\/wp\/v2\/types\/product"}],"replies":[{"embeddable":true,"href":"https:\/\/dermaquint.com.mx\/index.php?rest_route=%2Fwp%2Fv2%2Fcomments&post=17040"}],"wp:featuredmedia":[{"embeddable":true,"href":"https:\/\/dermaquint.com.mx\/index.php?rest_route=\/wp\/v2\/media\/17041"}],"wp:attachment":[{"href":"https:\/\/dermaquint.com.mx\/index.php?rest_route=%2Fwp%2Fv2%2Fmedia&parent=17040"}],"wp:term":[{"taxonomy":"product_brand","embeddable":true,"href":"https:\/\/dermaquint.com.mx\/index.php?rest_route=%2Fwp%2Fv2%2Fproduct_brand&post=17040"},{"taxonomy":"product_cat","embeddable":true,"href":"https:\/\/dermaquint.com.mx\/index.php?rest_route=%2Fwp%2Fv2%2Fproduct_cat&post=17040"},{"taxonomy":"product_tag","embeddable":true,"href":"https:\/\/dermaquint.com.mx\/index.php?rest_route=%2Fwp%2Fv2%2Fproduct_tag&post=17040"}],"curies":[{"name":"wp","href":"https:\/\/api.w.org\/{rel}","templated":true}]}}