{"id":17123,"date":"2025-10-10T19:20:56","date_gmt":"2025-10-10T19:20:56","guid":{"rendered":"https:\/\/dermaquint.com.mx\/?post_type=product&#038;p=17123"},"modified":"2025-10-10T20:42:53","modified_gmt":"2025-10-10T20:42:53","slug":"solucion-capilar-80ml","status":"publish","type":"product","link":"https:\/\/dermaquint.com.mx\/?product=solucion-capilar-80ml","title":{"rendered":"SOLUCION CAPILAR 80ML"},"content":{"rendered":"<p>Es un tratamiento dise\u00f1ado para combatir la perdida del cabello y promover su crecimiento.<\/p>\n<p>Contiene minoxidil 5% y melatonina 1% que ayudan a revitalizar u proteger los fol\u00edculos pilosos, mejorando la circulaci\u00f3n sangu\u00ednea en el cuero cabelludo.<\/p>\n","protected":false},"excerpt":{"rendered":"<p>Es un tratamiento dise\u00f1ado para combatir la perdida del cabello y promover su crecimiento.<\/p>\n","protected":false},"featured_media":17124,"comment_status":"open","ping_status":"closed","template":"","meta":{"_bst_post_transparent":"default","_bst_post_title":"","_bst_post_layout":"default","_bst_post_sidebar_id":"","_bst_post_content_style":"default","_bst_post_vertical_padding":"default","_bst_post_feature":"","_bst_post_feature_position":"","_bst_post_header":false,"_bst_post_footer":false,"_joinchat":[]},"product_brand":[],"product_cat":[134],"product_tag":[],"class_list":{"0":"post-17123","1":"product","2":"type-product","3":"status-publish","4":"has-post-thumbnail","6":"product_cat-dermico","8":"first","9":"instock","10":"shipping-taxable","11":"purchasable","12":"product-type-simple","13":"entry","14":"content-bg","15":"loop-entry"},"_links":{"self":[{"href":"https:\/\/dermaquint.com.mx\/index.php?rest_route=\/wp\/v2\/product\/17123","targetHints":{"allow":["GET"]}}],"collection":[{"href":"https:\/\/dermaquint.com.mx\/index.php?rest_route=\/wp\/v2\/product"}],"about":[{"href":"https:\/\/dermaquint.com.mx\/index.php?rest_route=\/wp\/v2\/types\/product"}],"replies":[{"embeddable":true,"href":"https:\/\/dermaquint.com.mx\/index.php?rest_route=%2Fwp%2Fv2%2Fcomments&post=17123"}],"wp:featuredmedia":[{"embeddable":true,"href":"https:\/\/dermaquint.com.mx\/index.php?rest_route=\/wp\/v2\/media\/17124"}],"wp:attachment":[{"href":"https:\/\/dermaquint.com.mx\/index.php?rest_route=%2Fwp%2Fv2%2Fmedia&parent=17123"}],"wp:term":[{"taxonomy":"product_brand","embeddable":true,"href":"https:\/\/dermaquint.com.mx\/index.php?rest_route=%2Fwp%2Fv2%2Fproduct_brand&post=17123"},{"taxonomy":"product_cat","embeddable":true,"href":"https:\/\/dermaquint.com.mx\/index.php?rest_route=%2Fwp%2Fv2%2Fproduct_cat&post=17123"},{"taxonomy":"product_tag","embeddable":true,"href":"https:\/\/dermaquint.com.mx\/index.php?rest_route=%2Fwp%2Fv2%2Fproduct_tag&post=17123"}],"curies":[{"name":"wp","href":"https:\/\/api.w.org\/{rel}","templated":true}]}}