{"id":17130,"date":"2025-10-10T20:29:05","date_gmt":"2025-10-10T20:29:05","guid":{"rendered":"https:\/\/dermaquint.com.mx\/?post_type=product&#038;p=17130"},"modified":"2025-10-14T18:28:29","modified_gmt":"2025-10-14T18:28:29","slug":"ivermectina-crema-1","status":"publish","type":"product","link":"https:\/\/dermaquint.com.mx\/?product=ivermectina-crema-1","title":{"rendered":"IVERMECTINA CREMA 1%"},"content":{"rendered":"<p>La <strong>ivermectina crema<\/strong>\u00a0es un producto farmac\u00e9utico que ha ganado popularidad recientemente en el \u00e1mbito de la salud dermatol\u00f3gica. Esta crema, derivada de la ivermectina utilizada en medicamentos antiparasitarios, se ha demostrado eficaz en el tratamiento de diversas afecciones de la piel, como la ros\u00e1cea y la dermatitis.<\/p>\n","protected":false},"excerpt":{"rendered":"<p>La <strong>ivermectina crema<\/strong>\u00a0es un producto farmac\u00e9utico que ha ganado popularidad recientemente en el \u00e1mbito de la salud dermatol\u00f3gica.<\/p>\n","protected":false},"featured_media":17168,"comment_status":"open","ping_status":"closed","template":"","meta":{"_bst_post_transparent":"default","_bst_post_title":"","_bst_post_layout":"default","_bst_post_sidebar_id":"","_bst_post_content_style":"default","_bst_post_vertical_padding":"default","_bst_post_feature":"","_bst_post_feature_position":"","_bst_post_header":false,"_bst_post_footer":false,"_joinchat":[]},"product_brand":[],"product_cat":[134],"product_tag":[],"class_list":{"0":"post-17130","1":"product","2":"type-product","3":"status-publish","4":"has-post-thumbnail","6":"product_cat-dermico","8":"first","9":"instock","10":"shipping-taxable","11":"purchasable","12":"product-type-simple","13":"entry","14":"content-bg","15":"loop-entry"},"_links":{"self":[{"href":"https:\/\/dermaquint.com.mx\/index.php?rest_route=\/wp\/v2\/product\/17130","targetHints":{"allow":["GET"]}}],"collection":[{"href":"https:\/\/dermaquint.com.mx\/index.php?rest_route=\/wp\/v2\/product"}],"about":[{"href":"https:\/\/dermaquint.com.mx\/index.php?rest_route=\/wp\/v2\/types\/product"}],"replies":[{"embeddable":true,"href":"https:\/\/dermaquint.com.mx\/index.php?rest_route=%2Fwp%2Fv2%2Fcomments&post=17130"}],"wp:featuredmedia":[{"embeddable":true,"href":"https:\/\/dermaquint.com.mx\/index.php?rest_route=\/wp\/v2\/media\/17168"}],"wp:attachment":[{"href":"https:\/\/dermaquint.com.mx\/index.php?rest_route=%2Fwp%2Fv2%2Fmedia&parent=17130"}],"wp:term":[{"taxonomy":"product_brand","embeddable":true,"href":"https:\/\/dermaquint.com.mx\/index.php?rest_route=%2Fwp%2Fv2%2Fproduct_brand&post=17130"},{"taxonomy":"product_cat","embeddable":true,"href":"https:\/\/dermaquint.com.mx\/index.php?rest_route=%2Fwp%2Fv2%2Fproduct_cat&post=17130"},{"taxonomy":"product_tag","embeddable":true,"href":"https:\/\/dermaquint.com.mx\/index.php?rest_route=%2Fwp%2Fv2%2Fproduct_tag&post=17130"}],"curies":[{"name":"wp","href":"https:\/\/api.w.org\/{rel}","templated":true}]}}