{"id":17132,"date":"2025-10-10T20:35:05","date_gmt":"2025-10-10T20:35:05","guid":{"rendered":"https:\/\/dermaquint.com.mx\/?post_type=product&#038;p=17132"},"modified":"2025-10-10T20:35:05","modified_gmt":"2025-10-10T20:35:05","slug":"minoxidil-capsulas-1mg","status":"publish","type":"product","link":"https:\/\/dermaquint.com.mx\/?product=minoxidil-capsulas-1mg","title":{"rendered":"MINOXIDIL CAPSULAS 1MG"},"content":{"rendered":"<p>Tratamiento de diferentes alopecias, entre ellas la alopecia androg\u00e9nica. Est\u00e1 demostrando ser una excelente opci\u00f3n no solo para estabilizar la alopecia, sino tambi\u00e9n para aumentar la densidad capilar.<\/p>\n<p>El Minoxidil, es un vasodilatador y su funci\u00f3n es la de estimular la circulaci\u00f3n sangu\u00ednea en la base del fol\u00edculo piloso. El Minoxidil sirve para mejorar el riego sangu\u00edneo y as\u00ed lograr que los fol\u00edculos reciban todos los nutrientes y vitaminas que necesitan para que el pelo pueda crecer sano y fuerte.<\/p>\n","protected":false},"excerpt":{"rendered":"<p>Est\u00e1 demostrando ser una excelente opci\u00f3n no solo para estabilizar la alopecia, sino tambi\u00e9n para aumentar la densidad capilar.<\/p>\n","protected":false},"featured_media":17133,"comment_status":"open","ping_status":"closed","template":"","meta":{"_bst_post_transparent":"default","_bst_post_title":"","_bst_post_layout":"default","_bst_post_sidebar_id":"","_bst_post_content_style":"default","_bst_post_vertical_padding":"default","_bst_post_feature":"","_bst_post_feature_position":"","_bst_post_header":false,"_bst_post_footer":false,"_joinchat":[]},"product_brand":[],"product_cat":[134],"product_tag":[],"class_list":{"0":"post-17132","1":"product","2":"type-product","3":"status-publish","4":"has-post-thumbnail","6":"product_cat-dermico","8":"first","9":"instock","10":"shipping-taxable","11":"purchasable","12":"product-type-simple","13":"entry","14":"content-bg","15":"loop-entry"},"_links":{"self":[{"href":"https:\/\/dermaquint.com.mx\/index.php?rest_route=\/wp\/v2\/product\/17132","targetHints":{"allow":["GET"]}}],"collection":[{"href":"https:\/\/dermaquint.com.mx\/index.php?rest_route=\/wp\/v2\/product"}],"about":[{"href":"https:\/\/dermaquint.com.mx\/index.php?rest_route=\/wp\/v2\/types\/product"}],"replies":[{"embeddable":true,"href":"https:\/\/dermaquint.com.mx\/index.php?rest_route=%2Fwp%2Fv2%2Fcomments&post=17132"}],"wp:featuredmedia":[{"embeddable":true,"href":"https:\/\/dermaquint.com.mx\/index.php?rest_route=\/wp\/v2\/media\/17133"}],"wp:attachment":[{"href":"https:\/\/dermaquint.com.mx\/index.php?rest_route=%2Fwp%2Fv2%2Fmedia&parent=17132"}],"wp:term":[{"taxonomy":"product_brand","embeddable":true,"href":"https:\/\/dermaquint.com.mx\/index.php?rest_route=%2Fwp%2Fv2%2Fproduct_brand&post=17132"},{"taxonomy":"product_cat","embeddable":true,"href":"https:\/\/dermaquint.com.mx\/index.php?rest_route=%2Fwp%2Fv2%2Fproduct_cat&post=17132"},{"taxonomy":"product_tag","embeddable":true,"href":"https:\/\/dermaquint.com.mx\/index.php?rest_route=%2Fwp%2Fv2%2Fproduct_tag&post=17132"}],"curies":[{"name":"wp","href":"https:\/\/api.w.org\/{rel}","templated":true}]}}