{"id":17147,"date":"2025-10-11T17:21:30","date_gmt":"2025-10-11T17:21:30","guid":{"rendered":"https:\/\/dermaquint.com.mx\/?post_type=product&#038;p=17147"},"modified":"2025-10-11T17:21:30","modified_gmt":"2025-10-11T17:21:30","slug":"champu-anticaida-pilopeptan","status":"publish","type":"product","link":"https:\/\/dermaquint.com.mx\/?product=champu-anticaida-pilopeptan","title":{"rendered":"CHAMPU ANTICAIDA PILOPEPTAN"},"content":{"rendered":"<p>Champ\u00fa Antica\u00edda convierte el momento del lavado en un gesto esencial para cuidar y reforzar tu cabello. Su combinaci\u00f3n de biotina, zinc, pantenol y extractos vegetales limpia suavemente sin irritar, fortalece la ra\u00edz y ayuda a prevenir la ca\u00edda ocasional, respetando el equilibrio natural del cuero cabelludo.<\/p>\n","protected":false},"excerpt":{"rendered":"<p>Champ\u00fa Antica\u00edda convierte el momento del lavado en un gesto esencial para cuidar y reforzar tu cabello.<\/p>\n","protected":false},"featured_media":17148,"comment_status":"open","ping_status":"closed","template":"","meta":{"_bst_post_transparent":"default","_bst_post_title":"","_bst_post_layout":"default","_bst_post_sidebar_id":"","_bst_post_content_style":"default","_bst_post_vertical_padding":"default","_bst_post_feature":"","_bst_post_feature_position":"","_bst_post_header":false,"_bst_post_footer":false,"_joinchat":[]},"product_brand":[],"product_cat":[79],"product_tag":[],"class_list":{"0":"post-17147","1":"product","2":"type-product","3":"status-publish","4":"has-post-thumbnail","6":"product_cat-shampoo","8":"first","9":"instock","10":"shipping-taxable","11":"purchasable","12":"product-type-simple","13":"entry","14":"content-bg","15":"loop-entry"},"_links":{"self":[{"href":"https:\/\/dermaquint.com.mx\/index.php?rest_route=\/wp\/v2\/product\/17147","targetHints":{"allow":["GET"]}}],"collection":[{"href":"https:\/\/dermaquint.com.mx\/index.php?rest_route=\/wp\/v2\/product"}],"about":[{"href":"https:\/\/dermaquint.com.mx\/index.php?rest_route=\/wp\/v2\/types\/product"}],"replies":[{"embeddable":true,"href":"https:\/\/dermaquint.com.mx\/index.php?rest_route=%2Fwp%2Fv2%2Fcomments&post=17147"}],"wp:featuredmedia":[{"embeddable":true,"href":"https:\/\/dermaquint.com.mx\/index.php?rest_route=\/wp\/v2\/media\/17148"}],"wp:attachment":[{"href":"https:\/\/dermaquint.com.mx\/index.php?rest_route=%2Fwp%2Fv2%2Fmedia&parent=17147"}],"wp:term":[{"taxonomy":"product_brand","embeddable":true,"href":"https:\/\/dermaquint.com.mx\/index.php?rest_route=%2Fwp%2Fv2%2Fproduct_brand&post=17147"},{"taxonomy":"product_cat","embeddable":true,"href":"https:\/\/dermaquint.com.mx\/index.php?rest_route=%2Fwp%2Fv2%2Fproduct_cat&post=17147"},{"taxonomy":"product_tag","embeddable":true,"href":"https:\/\/dermaquint.com.mx\/index.php?rest_route=%2Fwp%2Fv2%2Fproduct_tag&post=17147"}],"curies":[{"name":"wp","href":"https:\/\/api.w.org\/{rel}","templated":true}]}}